{"id":364,"date":"2025-11-14T13:00:38","date_gmt":"2025-11-14T13:00:38","guid":{"rendered":"https:\/\/bitzer.app-profis.com\/?page_id=364"},"modified":"2025-11-14T13:00:38","modified_gmt":"2025-11-14T13:00:38","slug":"datenschutz","status":"publish","type":"page","link":"https:\/\/bitzer.app-profis.com\/?page_id=364","title":{"rendered":"Datenschutz"},"content":{"rendered":"\n<h1 class=\"wp-block-heading\"><\/h1>\n\n\n\n<p><strong>Geltungsbereich<\/strong><\/p>\n\n\n\n<p>Diese Datenschutzerkl\u00e4rung kl\u00e4rt Nutzer dieser Webseite \u00fcber die Art, den Umfang und Zwecke der Erhebung und Verwendung personenbezogener Daten durch Bitzer Immobilien, vertreten durch den Betriebsinhaber Joachim Bitzer, Am Markt 18, D-72461 Albstadt, Telefon: 07432\/9843170, info@joachim-bitzer.de auf.<br>Hiermit informieren wir Sie, gem\u00e4\u00df Art. 13 EU DSGVO (Direkterhebung) und Artikel 14 EU DSGVO (Dritterhebung) wie wir mit Ihren personenbezogenen Daten verfahren, die wir im Rahmen des Vertragsverh\u00e4ltnisses zum Zwecke der Auftragsabwicklung bzw. zur Durchf\u00fchrung vorvertraglicher Ma\u00dfnahmen erheben und speichern.<\/p>\n\n\n\n<p><strong>Umgang mit personenbezogenen Daten<\/strong><\/p>\n\n\n\n<p>Personenbezogene Daten sind Informationen, die sich auf Ihre Person beziehen und zu Ihrer Identifizierung f\u00fchren k\u00f6nnen. Folgende personenbezogenen Daten werden erhoben und verarbeitet: Ausweisdaten, Telefonnummer, E-Mail, Steuer-ID, Finanzierungsdaten, Geb\u00e4udedaten, Verwaltungsdaten, Mieterdaten, Geb\u00e4udeversicherungsdaten und Geb\u00e4udesteuerdaten.<br>Personenbezogene Daten werden von dem Anbieter nur dann erhoben, genutzt und weiter gegeben, wenn dies gesetzlich erlaubt ist oder die Nutzer in die Datenerhebung einwilligen.<br>Die Daten werden ganz oder teilweise \u00fcbermittelt an Immobilienverk\u00e4ufer, Immobilienk\u00e4ufer, Interessenten, Bevollm\u00e4chtigte, Notariat, Verwalter, Stadtwerke, Steuerberater<\/p>\n\n\n\n<p><strong>Dauer und Speicherung<\/strong><\/p>\n\n\n\n<p>Die Daten werden so lange gespeichert, erg\u00e4nzt und fortgeschrieben, wie es der Zweck erfordert, f\u00fcr den die personenbezogenen Daten erhoben werden und der von Ihnen gew\u00fcnscht ist, sofern keine anderslautenden gesetzlichen Verpflichtungen, wie zum Beispiel Aufbewahrungspflichten nach Geldw\u00e4schegesetz, Handelsrecht oder Steuerrecht entgegenstehen.<\/p>\n\n\n\n<p><strong>Zugriffsdaten\/ Server-Logfiles<\/strong><\/p>\n\n\n\n<p>Der Anbieter (beziehungsweise sein Webspace-Provider) erhebt Daten \u00fcber jeden Zugriff auf das Angebot (so genannte Serverlogfiles). Zu den Zugriffsdaten geh\u00f6ren:<\/p>\n\n\n\n<p>Name der abgerufenen Webseite, Datei, Datum und Uhrzeit des Abrufs, \u00fcbertragene Datenmenge, Meldung \u00fcber erfolgreichen Abruf, Browsertyp nebst Version, das Betriebssystem des Nutzers, Referrer URL (die zuvor besuchte Seite), IP-Adresse und der anfragende Provider.<\/p>\n\n\n\n<p>Der Anbieter verwendet die Protokolldaten nur f\u00fcr statistische Auswertungen zum Zweck des Betriebs, der Sicherheit und der Optimierung des Angebotes. Der Anbieterbeh\u00e4lt sich jedoch vor, die Protokolldaten nachtr\u00e4glich zu \u00fcberpr\u00fcfen, wenn aufgrund konkreter Anhaltspunkte der berechtigte Verdacht einer rechtswidrigen Nutzung besteht.<\/p>\n\n\n\n<p><strong>Kontaktaufnahme<\/strong><\/p>\n\n\n\n<p>Bei der Kontaktaufnahme mit dem Anbieter (zum Beispiel per Kontaktformular oder E-Mail) werden die Angaben des Nutzers zwecks Bearbeitung der Anfrage sowie f\u00fcr den Fall, dass Anschlussfragen entstehen, gespeichert.<br>Datenquellen sind Immobilienportale (z.B. ImmobilienScout24, Immowelt, Immonet, immobilie1), Tippgeber und \u00f6ffentlich zug\u00e4ngliche Quellen.<\/p>\n\n\n\n<p><strong>Einbindung von Diensten und Inhalten Dritter<\/strong><\/p>\n\n\n\n<p>Es kann vorkommen, dass innerhalb dieses Onlineangebotes Inhalte Dritter, wie zum Beispiel Videos von YouTube, Kartenmaterial von Google-Maps, RSS-Feeds oder Grafiken von anderen Webseiten eingebunden werden. Dies setzt immer voraus, dass die Anbieter dieser Inhalte (nachfolgend bezeichnet als &#8222;Dritt-Anbieter&#8220;) die IP-Adresse der Nutzer wahr nehmen. Denn ohne die IP-Adresse, k\u00f6nnten sie die Inhalte nicht an den Browser des jeweiligen Nutzers senden. Die IP-Adresse ist damit f\u00fcr die Darstellung dieser Inhalte erforderlich. Wir bem\u00fchen uns nur solche Inhalte zu verwenden, deren jeweilige Anbieter die IP-Adresse lediglich zur Auslieferung der Inhalte verwenden. Jedoch haben wir keinen Einfluss darauf, falls die Dritt-Anbieter die IP-Adresse z.B. f\u00fcr statistische Zwecke speichern. Soweit dies uns bekannt ist, kl\u00e4ren wir die Nutzer dar\u00fcber auf.<\/p>\n\n\n\n<p><strong>Cookies<\/strong><\/p>\n\n\n\n<p>Cookies sind kleine Dateien, die es erm\u00f6glichen, auf dem Zugriffsger\u00e4t der Nutzer (PC, Smartphone o.\u00e4.) spezifische, auf das Ger\u00e4t bezogene Informationen zu speichern. Sie dienen zum einem der Benutzerfreundlichkeit von Webseiten und damit den Nutzern (z.B. Speicherung von Logindaten). Zum anderen dienen sie, um die statistische Daten der Webseitennutzung zu erfassen und sie zwecks Verbesserung des Angebotes analysieren zu k\u00f6nnen. Die Nutzer k\u00f6nnen auf den Einsatz der Cookies Einfluss nehmen. Die meisten Browser verf\u00fcgen eine Option mit der das Speichern von Cookies eingeschr\u00e4nkt oder komplett verhindert wird. Allerdings wird darauf hingewiesen, dass die Nutzung und insbesondere der Nutzungskomfort ohne Cookies eingeschr\u00e4nkt werden.<\/p>\n\n\n\n<p><strong>Widerruf, \u00c4nderungen, Berichtigungen und Aktualisierungen<\/strong><\/p>\n\n\n\n<p>Der Nutzer hat das Recht, auf Antrag unentgeltlich Auskunft zu erhalten \u00fcber die personenbezogenen Daten, die \u00fcber ihn gespeichert wurden. Zus\u00e4tzlich hat der Nutzer das Recht auf Berichtigung unrichtiger Daten, Sperrung, L\u00f6schung, Einschr\u00e4nkung der Verarbeitung, Widerspruch gegen die Verarbeitung, Widerruf der Einwilligung und \u00dcbertragung der Daten (gilt nicht im Falle der Dritt\u00fcbertragung gem. Art. 14 DSGVO) seiner personenbezogenen Daten sowie der Beschwerde bei der Aufsichtsbeh\u00f6rde, soweit dem keine gesetzliche Aufbewahrungspflicht entgegensteht.<\/p>\n\n\n\n<p>Quellenangaben:&nbsp;<a href=\"https:\/\/www.e-recht24.de\/muster-disclaimer.html\" target=\"_blank\" rel=\"noreferrer noopener\">eRecht24 Disclaimer<\/a><\/p>\n","protected":false},"excerpt":{"rendered":"<p>Geltungsbereich Diese Datenschutzerkl\u00e4rung kl\u00e4rt Nutzer dieser Webseite \u00fcber die Art, den Umfang und Zwecke der Erhebung und Verwendung personenbezogener Daten durch Bitzer Immobilien, vertreten durch den Betriebsinhaber Joachim Bitzer, Am Markt 18, D-72461 Albstadt, Telefon: 07432\/9843170, info@joachim-bitzer.de auf.Hiermit informieren wir Sie, gem\u00e4\u00df Art. 13 EU DSGVO (Direkterhebung) und Artikel 14 EU DSGVO (Dritterhebung) wie wir [&hellip;]<\/p>\n","protected":false},"author":1,"featured_media":0,"parent":0,"menu_order":0,"comment_status":"closed","ping_status":"closed","template":"","meta":{"footnotes":""},"class_list":["post-364","page","type-page","status-publish","hentry"],"_links":{"self":[{"href":"https:\/\/bitzer.app-profis.com\/index.php?rest_route=\/wp\/v2\/pages\/364","targetHints":{"allow":["GET"]}}],"collection":[{"href":"https:\/\/bitzer.app-profis.com\/index.php?rest_route=\/wp\/v2\/pages"}],"about":[{"href":"https:\/\/bitzer.app-profis.com\/index.php?rest_route=\/wp\/v2\/types\/page"}],"author":[{"embeddable":true,"href":"https:\/\/bitzer.app-profis.com\/index.php?rest_route=\/wp\/v2\/users\/1"}],"replies":[{"embeddable":true,"href":"https:\/\/bitzer.app-profis.com\/index.php?rest_route=%2Fwp%2Fv2%2Fcomments&post=364"}],"version-history":[{"count":1,"href":"https:\/\/bitzer.app-profis.com\/index.php?rest_route=\/wp\/v2\/pages\/364\/revisions"}],"predecessor-version":[{"id":365,"href":"https:\/\/bitzer.app-profis.com\/index.php?rest_route=\/wp\/v2\/pages\/364\/revisions\/365"}],"wp:attachment":[{"href":"https:\/\/bitzer.app-profis.com\/index.php?rest_route=%2Fwp%2Fv2%2Fmedia&parent=364"}],"curies":[{"name":"wp","href":"https:\/\/api.w.org\/{rel}","templated":true}]}}